{"id":779,"date":"2022-03-17T10:54:12","date_gmt":"2022-03-17T09:54:12","guid":{"rendered":"https:\/\/expat-experts.de\/?page_id=779"},"modified":"2023-01-17T23:15:17","modified_gmt":"2023-01-17T22:15:17","slug":"bewerben","status":"publish","type":"page","link":"https:\/\/expat-experts.de\/ru\/bewerben\/","title":{"rendered":"\u0427\u043b\u0435\u043d\u0441\u0442\u0432\u043e \u0432 \u0430\u0441\u0441\u043e\u0446\u0438\u0430\u0446\u0438\u0438"},"content":{"rendered":"<div data-elementor-type=\"wp-page\" data-elementor-id=\"779\" class=\"elementor elementor-779\">\n\t\t\t\t\t\t<section class=\"elementor-section elementor-top-section elementor-element elementor-element-68cbce2 elementor-section-boxed elementor-section-height-default elementor-section-height-default\" data-id=\"68cbce2\" data-element_type=\"section\" data-e-type=\"section\">\n\t\t\t\t\t\t<div class=\"elementor-container elementor-column-gap-default\">\n\t\t\t\t\t<div class=\"elementor-column elementor-col-100 elementor-top-column elementor-element elementor-element-a747bf7\" data-id=\"a747bf7\" data-element_type=\"column\" data-e-type=\"column\">\n\t\t\t<div class=\"elementor-widget-wrap elementor-element-populated\">\n\t\t\t\t\t\t<div class=\"elementor-element elementor-element-a78e352 elementor-widget elementor-widget-text-editor\" data-id=\"a78e352\" data-element_type=\"widget\" data-e-type=\"widget\" data-widget_type=\"text-editor.default\">\n\t\t\t\t<div class=\"elementor-widget-container\">\n\t\t\t\t\t\t\t\t\t<p><span style=\"font-family: georgia, palatino, serif; font-size: 12pt;\">\u0421\u0442\u0430\u043d\u044c\u0442\u0435 \u0447\u0430\u0441\u0442\u044c\u044e Expat Experts, \u0434\u0435\u043b\u043e\u0432\u043e\u0439 \u0441\u0435\u0442\u0438 \u0434\u043b\u044f \u0432\u044b\u0441\u043e\u043a\u043e\u043a\u0432\u0430\u043b\u0438\u0444\u0438\u0446\u0438\u0440\u043e\u0432\u0430\u043d\u043d\u044b\u0445 \u0440\u0443\u0441\u0441\u043a\u043e\u044f\u0437\u044b\u0447\u043d\u044b\u0445 \u043c\u0443\u0436\u0447\u0438\u043d \u0438 \u0436\u0435\u043d\u0449\u0438\u043d, \u0436\u0438\u0432\u0443\u0449\u0438\u0445 \u0432 \u043d\u0435\u043c\u0435\u0446\u043a\u043e\u0433\u043e\u0432\u043e\u0440\u044f\u0449\u0438\u0445 \u0441\u0442\u0440\u0430\u043d\u0430\u0445:<\/span><\/p><p><span style=\"font-family: georgia, palatino, serif; font-size: 12pt; text-align: inherit; background-color: var(--palettecolor7); color: var(--color); font-style: var(--fontStyle, inherit); font-weight: var(--fontWeight); letter-spacing: var(--letterSpacing); text-transform: var(--textTransform);\">\u0417\u0434\u0435\u0441\u044c \u043c\u044b \u043f\u043e\u0434\u0434\u0435\u0440\u0436\u0438\u0432\u0430\u0435\u043c \u0434\u0440\u0443\u0433 \u0434\u0440\u0443\u0433\u0430 \u0438 \u043f\u0440\u043e\u0434\u0432\u0438\u0433\u0430\u0435\u043c \u043e\u0441\u043d\u043e\u0432\u043d\u044b\u0435 \u0438\u0434\u0435\u0438 \u043b\u0438\u0447\u043d\u043e\u0439 \u043e\u0442\u0432\u0435\u0442\u0441\u0442\u0432\u0435\u043d\u043d\u043e\u0441\u0442\u0438 \u0438 \u043b\u0438\u0447\u043d\u044b\u0445 \u0434\u043e\u0441\u0442\u0438\u0436\u0435\u043d\u0438\u0439 \u0438 \u043f\u043e\u0441\u0432\u044f\u0449\u0430\u0435\u043c \u0441\u0435\u0431\u044f \u043f\u0440\u0435\u0441\u043b\u0435\u0434\u043e\u0432\u0430\u043d\u0438\u044e \u0446\u0435\u043b\u0438 \u0430\u0441\u0441\u043e\u0446\u0438\u0430\u0446\u0438\u0438 \u0432 \u0441\u043e\u043e\u0442\u0432\u0435\u0442\u0441\u0442\u0432\u0438\u0438 \u0441 \u0435\u0435 <\/span><span style=\"text-decoration: underline;\"><a style=\"font-family: georgia, palatino, serif; font-size: 12pt; text-align: inherit; background-color: var(--palettecolor7); font-style: var(--fontStyle, inherit); font-weight: var(--fontWeight); letter-spacing: var(--letterSpacing); text-transform: var(--textTransform);\" href=\"https:\/\/expat-experts.de\/ru\/satzung\/\">Satzung.<\/a><\/span><\/p><p><span style=\"font-family: georgia, palatino, serif; font-size: 12pt; text-align: inherit; background-color: var(--palettecolor7); color: var(--color); font-style: var(--fontStyle, inherit); font-weight: var(--fontWeight); letter-spacing: var(--letterSpacing); text-transform: var(--textTransform);\">\u041f\u043e\u0434\u0440\u043e\u0431\u043d\u043e \u043e \u0442\u0440\u0435\u0431\u043e\u0432\u0430\u043d\u0438\u044f\u0445 \u0434\u043b\u044f \u0432\u0441\u0442\u0443\u043f\u043b\u0435\u043d\u0438\u0435 \u0432 \u043e\u0440\u0433\u0430\u043d\u0438\u0437\u0430\u0446\u0438\u044e:<\/span><\/p><ul><li><span style=\"font-family: georgia, palatino, serif; font-size: 12pt;\">\u041e\u0442\u043b\u0438\u0447\u043d\u043e\u0435 \u0430\u043a\u0430\u0434\u0435\u043c\u0438\u0447\u0435\u0441\u043a\u043e\u0435 \u043e\u0431\u0440\u0430\u0437\u043e\u0432\u0430\u043d\u0438\u0435<\/span><\/li><li><span style=\"font-family: georgia, palatino, serif; font-size: 12pt;\">\u041d\u0430\u0446\u0438\u043e\u043d\u0430\u043b\u044c\u043d\u044b\u0439 \u0438 \u043c\u0435\u0436\u0434\u0443\u043d\u0430\u0440\u043e\u0434\u043d\u044b\u0439 \u043e\u043f\u044b\u0442 \u0440\u0430\u0431\u043e\u0442\u044b<\/span><\/li><li><span style=\"font-family: georgia, palatino, serif; font-size: 12pt;\">\u0417\u043d\u0430\u043d\u0438\u0435 \u043d\u0435\u043c\u0435\u0446\u043a\u043e\u0433\u043e \u0438 \u0430\u043d\u0433\u043b\u0438\u0439\u0441\u043a\u043e\u0433\u043e \u044f\u0437\u044b\u043a\u043e\u0432 \u0432 \u0434\u043e\u043f\u043e\u043b\u043d\u0435\u043d\u0438\u0435 \u043a \u0432\u0430\u0448\u0435\u043c\u0443 \u0440\u043e\u0434\u043d\u043e\u043c\u0443 \u044f\u0437\u044b\u043a\u0443<\/span><\/li><li><span style=\"font-family: georgia, palatino, serif; font-size: 12pt;\">\u041f\u0440\u043e\u0436\u0438\u0432\u0430\u043d\u0438\u0435 \u0432 \u0413\u0435\u0440\u043c\u0430\u043d\u0438\u0438 \u0438\u043b\u0438 \u043a\u043e\u043d\u043a\u0440\u0435\u0442\u043d\u044b\u0435 \u043f\u043b\u0430\u043d\u044b \u044d\u043c\u0438\u0433\u0440\u0438\u0440\u043e\u0432\u0430\u0442\u044c \u0432 \u0413\u0435\u0440\u043c\u0430\u043d\u0438\u044e \u0432 \u0431\u043b\u0438\u0436\u0430\u0439\u0448\u0435\u043c \u0431\u0443\u0434\u0443\u0449\u0435\u043c<\/span><\/li><li><span style=\"font-family: georgia, palatino, serif; font-size: 12pt;\">\u0427\u043b\u0435\u043d\u0441\u0442\u0432\u043e \u0432 \u0433\u0440\u0443\u043f\u043f\u0435 LinkedIn <span style=\"text-decoration: underline;\"><a href=\"https:\/\/expat-experts.de\/ru\/linkedin\/\">Freunde und Ineressenten des Expat Experts e.V.<\/a><\/span><\/span><\/li><li><span style=\"font-family: georgia, palatino, serif; font-size: 12pt;\">\u0413\u043e\u0442\u043e\u0432\u043d\u043e\u0441\u0442\u044c \u0441\u0432\u043e\u0435\u0432\u0440\u0435\u043c\u0435\u043d\u043d\u043e \u043e\u043f\u043b\u0430\u0447\u0438\u0432\u0430\u0442\u044c \u0435\u0436\u0435\u0433\u043e\u0434\u043d\u044b\u0439 \u0447\u043b\u0435\u043d\u0441\u043a\u0438\u0439 \u0432\u0437\u043d\u043e\u0441 (100 \u20ac)<\/span><\/li><\/ul><p><span style=\"font-family: georgia, palatino, serif; font-size: 12pt;\">\u0412\u0441\u0435 \u043f\u0440\u0435\u0442\u0435\u043d\u0434\u0435\u043d\u0442\u044b \u043f\u0440\u043e\u0445\u043e\u0434\u044f\u0442 \u043a\u0432\u0430\u043b\u0438\u0444\u0438\u0446\u0438\u0440\u043e\u0432\u0430\u043d\u043d\u044b\u0439 \u043e\u0442\u0431\u043e\u0440. \u041c\u044b \u0441 \u043d\u0435\u0442\u0435\u0440\u043f\u0435\u043d\u0438\u0435\u043c \u0436\u0434\u0435\u043c \u0432\u0430\u0448\u0435\u0433\u043e \u0437\u0430\u044f\u0432\u043b\u0435\u043d\u0438\u044f.<\/span><\/p>\t\t\t\t\t\t\t\t<\/div>\n\t\t\t\t<\/div>\n\t\t\t\t<div class=\"elementor-element elementor-element-4b576b6 elementor-widget elementor-widget-button\" data-id=\"4b576b6\" data-element_type=\"widget\" data-e-type=\"widget\" data-widget_type=\"button.default\">\n\t\t\t\t<div class=\"elementor-widget-container\">\n\t\t\t\t\t\t\t\t\t<div class=\"elementor-button-wrapper\">\n\t\t\t\t\t<a class=\"elementor-button elementor-button-link elementor-size-sm\" href=\"https:\/\/expat-experts.de\/ru\/bewerben\/bewerbungsformular\/\">\n\t\t\t\t\t\t<span class=\"elementor-button-content-wrapper\">\n\t\t\t\t\t\t\t\t\t<span class=\"elementor-button-text\">\u0424\u043e\u0440\u043c\u0443\u043b\u044f\u0440<\/span>\n\t\t\t\t\t<\/span>\n\t\t\t\t\t<\/a>\n\t\t\t\t<\/div>\n\t\t\t\t\t\t\t\t<\/div>\n\t\t\t\t<\/div>\n\t\t\t\t\t<\/div>\n\t\t<\/div>\n\t\t\t\t\t<\/div>\n\t\t<\/section>\n\t\t\t\t<\/div>","protected":false},"excerpt":{"rendered":"<p>So werden Sie Teil von Expat Experts, dem Business Netzwerk f\u00fcr f\u00fcr hochqualifizierte M\u00e4nner und Frauen aus den ehemaligen Sowjetrepubliken im deutschsprachigen Raum: Hier unterst\u00fctzen wir uns gegenseitig und f\u00f6rdern die Grundgedanken der Eigenverantwortung und der Eigenleistung und widmen uns der Aus\u00fcbung des Vereinszweckes nach dessen Satzung. Die Aufnahme-Voraussetzungen im Einzelnen: Exzellente akademische Ausbildung Nationale [&hellip;]<\/p>\n","protected":false},"author":4,"featured_media":0,"parent":0,"menu_order":0,"comment_status":"closed","ping_status":"closed","template":"","meta":{"_eb_attr":"","footnotes":""},"class_list":["post-779","page","type-page","status-publish","hentry"],"blocksy_meta":{"styles_descriptor":{"styles":{"desktop":"","tablet":"","mobile":""},"google_fonts":[],"version":6}},"_links":{"self":[{"href":"https:\/\/expat-experts.de\/ru\/wp-json\/wp\/v2\/pages\/779","targetHints":{"allow":["GET"]}}],"collection":[{"href":"https:\/\/expat-experts.de\/ru\/wp-json\/wp\/v2\/pages"}],"about":[{"href":"https:\/\/expat-experts.de\/ru\/wp-json\/wp\/v2\/types\/page"}],"author":[{"embeddable":true,"href":"https:\/\/expat-experts.de\/ru\/wp-json\/wp\/v2\/users\/4"}],"replies":[{"embeddable":true,"href":"https:\/\/expat-experts.de\/ru\/wp-json\/wp\/v2\/comments?post=779"}],"version-history":[{"count":32,"href":"https:\/\/expat-experts.de\/ru\/wp-json\/wp\/v2\/pages\/779\/revisions"}],"predecessor-version":[{"id":1960,"href":"https:\/\/expat-experts.de\/ru\/wp-json\/wp\/v2\/pages\/779\/revisions\/1960"}],"wp:attachment":[{"href":"https:\/\/expat-experts.de\/ru\/wp-json\/wp\/v2\/media?parent=779"}],"curies":[{"name":"wp","href":"https:\/\/api.w.org\/{rel}","templated":true}]}}