{"id":69,"date":"2022-02-20T19:20:48","date_gmt":"2022-02-20T18:20:48","guid":{"rendered":"https:\/\/expat-experts.de\/?page_id=69"},"modified":"2023-06-22T20:11:40","modified_gmt":"2023-06-22T19:11:40","slug":"linkedin","status":"publish","type":"page","link":"https:\/\/expat-experts.de\/ru\/linkedin\/","title":{"rendered":"LinkedIn"},"content":{"rendered":"<div data-elementor-type=\"wp-page\" data-elementor-id=\"69\" class=\"elementor elementor-69\">\n\t\t\t\t\t\t<section class=\"elementor-section elementor-top-section elementor-element elementor-element-4c11d84 elementor-section-boxed elementor-section-height-default elementor-section-height-default\" data-id=\"4c11d84\" data-element_type=\"section\" data-e-type=\"section\">\n\t\t\t\t\t\t<div class=\"elementor-container elementor-column-gap-default\">\n\t\t\t\t\t<div class=\"elementor-column elementor-col-100 elementor-top-column elementor-element elementor-element-d211217\" data-id=\"d211217\" data-element_type=\"column\" data-e-type=\"column\">\n\t\t\t<div class=\"elementor-widget-wrap elementor-element-populated\">\n\t\t\t\t\t\t<div class=\"elementor-element elementor-element-8035f4c elementor-widget elementor-widget-heading\" data-id=\"8035f4c\" data-element_type=\"widget\" data-e-type=\"widget\" data-widget_type=\"heading.default\">\n\t\t\t\t<div class=\"elementor-widget-container\">\n\t\t\t\t\t<h2 class=\"elementor-heading-title elementor-size-default\">LinkedIn Gruppe Freunde und Interessenten des Expat Experts e.V. <\/h2>\t\t\t\t<\/div>\n\t\t\t\t<\/div>\n\t\t\t\t\t<\/div>\n\t\t<\/div>\n\t\t\t\t\t<\/div>\n\t\t<\/section>\n\t\t\t\t<section class=\"elementor-section elementor-top-section elementor-element elementor-element-1079f2eb elementor-section-boxed elementor-section-height-default elementor-section-height-default\" data-id=\"1079f2eb\" data-element_type=\"section\" data-e-type=\"section\">\n\t\t\t\t\t\t<div class=\"elementor-container elementor-column-gap-default\">\n\t\t\t\t\t<div class=\"elementor-column elementor-col-100 elementor-top-column elementor-element elementor-element-7cc19875\" data-id=\"7cc19875\" data-element_type=\"column\" data-e-type=\"column\">\n\t\t\t<div class=\"elementor-widget-wrap elementor-element-populated\">\n\t\t\t\t\t\t<div class=\"elementor-element elementor-element-1203c40e elementor-widget elementor-widget-text-editor\" data-id=\"1203c40e\" data-element_type=\"widget\" data-e-type=\"widget\" data-widget_type=\"text-editor.default\">\n\t\t\t\t<div class=\"elementor-widget-container\">\n\t\t\t\t\t\t\t\t\t<p><\/p>\n<p>\u041f\u0440\u0438\u0433\u043b\u0430\u0448\u0430\u0435\u043c \u0432\u0430\u0441 \u043e\u0437\u043d\u0430\u043a\u043e\u043c\u0438\u0442\u044c \u0437\u0430\u0438\u043d\u0442\u0435\u0440\u0435\u0441\u043e\u0432\u0430\u043d\u043d\u044b\u0445 \u043b\u0438\u0446 \u0438\u0437 \u0432\u0430\u0448\u0435\u0433\u043e \u043a\u0440\u0443\u0433\u0430 \u043e\u0431\u0449\u0435\u043d\u0438\u044f \u0441 \u043d\u0430\u0448\u0435\u0439\n\u0430\u0441\u0441\u043e\u0446\u0438\u0430\u0446\u0438\u0435\u0439 \u0438 \u0435\u0435 \u0434\u0435\u044f\u0442\u0435\u043b\u044c\u043d\u043e\u0441\u0442\u044c\u044e. \u041f\u043e \u0432\u0430\u0448\u0435\u0439 \u0440\u0435\u043a\u043e\u043c\u0435\u043d\u0434\u0430\u0446\u0438\u0438 \u0432\u044b \u043c\u043e\u0436\u0435\u0442\u0435 \u043f\u0440\u0438\u0433\u043b\u0430\u0441\u0438\u0442\u044c \u0438\u0445 \u043d\u0430\u0448\u0443 \u0433\u0440\u0443\u043f\u043f\u0443, \u043a\u043e\u0442\u043e\u0440\u0430\u044f \u0441\u0443\u0449\u0435\u0441\u0442\u0432\u0443\u0435\u0442 \u0441 \u043e\u0441\u0435\u043d\u0438 2019 \u0433\u043e\u0434\u0430 <a href=\"https:\/\/www.linkedin.com\/groups\/8868358\/\" target=\"_blank\" rel=\"noreferrer noopener\">\u043d\u0430 LinkedIn<\/a> (\u043d\u0430\u0436\u043c\u0438\u0442\u0435 \u043d\u0430 \u0441\u0441\u044b\u043b\u043a\u0443).<\/p>\n<p><\/p>\n<p><\/p>\n<div class=\"wp-block-group is-layout-flow wp-block-group-is-layout-flow\">\n<p><\/p>\n<p>1. \u041c\u044b \u043e\u0440\u0438\u0435\u043d\u0442\u0438\u0440\u0443\u0435\u043c\u0441\u044f \u043d\u0430 \u0440\u0443\u0441\u0441\u043a\u043e\u044f\u0437\u044b\u0447\u043d\u044b\u0445 \u044d\u043a\u0441\u043f\u0430\u0442\u043e\u0432, \u043f\u0440\u043e\u0436\u0438\u0432\u0430\u044e\u0449\u0438\u0445 \u0432 \u0413\u0435\u0440\u043c\u0430\u043d\u0438\u0438 \u0438 \u043e\u043a\u0440\u0435\u0441\u0442\u043d\u043e\u0441\u0442\u044f\u0445, \u0430 \u0442\u0430\u043a\u0436\u0435 \u043d\u0430 \u043f\u043e\u0442\u0435\u043d\u0446\u0438\u0430\u043b\u044c\u043d\u044b\u0445\n\u044d\u043a\u0441\u043f\u0430\u0442\u043e\u0432 \u0441 \u043a\u043e\u043d\u043a\u0440\u0435\u0442\u043d\u044b\u043c\u0438 \u043f\u043b\u0430\u043d\u0430\u043c\u0438 \u043f\u0435\u0440\u0435\u0435\u0437\u0434\u0430.<\/p>\n<p><\/p>\n<p><\/p>\n<p>2. \u041f\u0440\u0438\u043d\u044f\u0442\u0438\u0435 \u0432 \u0433\u0440\u0443\u043f\u043f\u0443 Linkedin \u043f\u0440\u043e\u0438\u0441\u0445\u043e\u0434\u0438\u0442 \u0438\u0441\u043a\u043b\u044e\u0447\u0438\u0442\u0435\u043b\u044c\u043d\u043e \u043f\u043e \u0440\u0435\u043a\u043e\u043c\u0435\u043d\u0434\u0430\u0446\u0438\u0438 \u0443\u0447\u0430\u0441\u0442\u043d\u0438\u043a\u0430,\n\u043a\u043e\u0442\u043e\u0440\u044b\u0439 \u0443\u0436\u0435 \u0441\u043e\u0441\u0442\u043e\u0438\u0442 \u0432 \u0433\u0440\u0443\u043f\u043f\u0435.<\/p>\n<p><\/p>\n<p><\/p>\n<p>3. 3\u0430\u0438\u043d\u0442\u0435\u0440\u0435\u0441\u043e\u0432\u0430\u043d\u043d\u043e\u0435 \u043b\u0438\u0446\u043e \u0441\u0430\u043c\u043e \u0441\u0432\u044f\u0437\u044b\u0432\u0430\u0435\u0442\u0441\u044f \u0441 \u043e\u0434\u043d\u0438\u043c \u0438\u0437 \u0442\u0440\u0435\u0445 \u0430\u0434\u043c\u0438\u043d\u0438\u0441\u0442\u0440\u0430\u0442\u043e\u0440\u043e\u0432\n\u0433\u0440\u0443\u043f\u043f\u044b:<\/p>\n<p><\/p>\n<p><\/p>\n<p><a href=\"https:\/\/www.linkedin.com\/in\/anna-derz\/\" target=\"_blank\" rel=\"noreferrer noopener\">\u0410\u043d\u043d\u0430 \u0414\u0435\u0440\u0446<\/a>,<\/p>\n<p><\/p>\n<p><\/p>\n<p><a href=\"https:\/\/www.linkedin.com\/in\/elena-shulgina-architect\/\">Elena Shulgina,<\/a><\/p>\n<p><\/p>\n<p><\/p>\n<p><\/p>\n<p><\/p>\n<p>\u0441 \u043f\u0440\u043e\u0441\u044c\u0431\u043e\u0439 \u043e \u0434\u043e\u043f\u0443\u0441\u043a\u0435, \u0443\u043a\u0430\u0437\u044b\u0432\u0430\u044f \u0438\u043c\u044f \u0440\u0435\u043a\u043e\u043c\u0435\u043d\u0434\u0443\u044e\u0449\u0435\u0433\u043e \u043b\u0438\u0446\u0430, \u0438 \u0441 \u043a\u0440\u0430\u0442\u043a\u043e\u0439\n\u043c\u043e\u0442\u0438\u0432\u0430\u0446\u0438\u0435\u0439 \u0432\u0441\u0442\u0443\u043f\u043b\u0435\u043d\u0438\u044f \u0432 \u0433\u0440\u0443\u043f\u043f\u0443.<\/p>\n<p><\/p>\n<p><\/p>\n<p>4. \u0412 \u0433\u0440\u0443\u043f\u043f\u0435 LinkedIn \u043f\u0440\u0438\u0432\u0435\u0442\u0441\u0442\u0432\u0443\u0435\u0442\u0441\u044f \u0432\u0430\u0448 \u043f\u0440\u043e\u0444\u0435\u0441\u0441\u0438\u043e\u043d\u0430\u043b\u044c\u043d\u044b\u0439 \u0432\u043a\u043b\u0430\u0434, \u0432\u043e\u043f\u0440\u043e\u0441\u044b \u0438 \u0441\u0442\u0430\u0442\u044c\u0438,\n\u0441\u0432\u044f\u0437\u0430\u043d\u043d\u044b\u0435 \u0441 \u0440\u0430\u0431\u043e\u0442\u043e\u0439, \u0430 \u0442\u0430\u043a\u0436\u0435 \u0438\u043d\u0444\u043e\u0440\u043c\u0430\u0446\u0438\u044f \u043e \u0432\u0430\u043a\u0430\u043d\u0441\u0438\u044f\u0445 \u0432\u0430\u0448\u0438\u0445 \u0440\u0430\u0431\u043e\u0442\u043e\u0434\u0430\u0442\u0435\u043b\u0435\u0439.<\/p>\n<p><\/p>\n<p><\/p>\n<p>5. \u0410\u043d\u043e\u043d\u0441\u044b \u043d\u043e\u0432\u044b\u0445 \u0441\u043e\u0431\u044b\u0442\u0438\u0439 \u0438 \u043f\u043e\u043b\u0435\u0437\u043d\u044b\u0435 \u0441\u043e\u0432\u0435\u0442\u044b \u0431\u0443\u0434\u0443\u0442 \u0437\u0430\u0433\u0440\u0443\u0436\u0430\u0442\u044c\u0441\u044f \u043d\u0430 \u0441\u0442\u0440\u0430\u043d\u0438\u0446\u0443\n\u0430\u0434\u043c\u0438\u043d\u0438\u0441\u0442\u0440\u0430\u0442\u043e\u0440\u0430\u043c\u0438.<\/p>\n<p><\/p>\n<p><\/p>\n<p>6. H\u0435\u0436\u0435\u043b\u0430\u0442\u0435\u043b\u044c\u043d\u044b \u043f\u043e\u0441\u0442\u044b c \u0447\u0430\u0441\u0442\u043d\u044b\u043c\u0438 \u043f\u0440\u0435\u0434\u043b\u043e\u0436\u0435\u043d\u0438\u044f\u043c\u0438, \u043a\u043e\u0442\u043e\u0440\u044b\u0435 \u043d\u0430\u043f\u0440\u0430\u0432\u043b\u0435\u043d\u044b \u043d\u0430\n\u0443\u0441\u0442\u0430\u043d\u043e\u0432\u043b\u0435\u043d\u0438\u0435 \u043a\u043e\u043d\u0442\u0430\u043a\u0442\u0430 \u0441 \u0446\u0435\u043b\u044c\u044e \u043f\u043e\u0434\u0440\u0430\u0431\u043e\u0442\u043a\u0438 \u0438\u043b\u0438 \u043e\u043a\u0430\u0437\u0430\u043d\u0438\u044f \u043a\u043e\u043d\u0441\u0443\u043b\u044c\u0442\u0430\u0446\u0438\u043e\u043d\u043d\u044b\u0445 \u0443\u0441\u043b\u0443\u0433\n\u0434\u0440\u0443\u0433\u0438\u043c \u0447\u043b\u0435\u043d\u0430\u043c \u0430\u0441\u0441\u043e\u0446\u0438\u0430\u0446\u0438\u0438, \u0441 \u043f\u043e\u043c\u043e\u0449\u044c\u044e \u043a\u043e\u0442\u043e\u0440\u044b\u0445 \u043f\u0440\u0435\u0434\u043b\u0430\u0433\u0430\u044e\u0449\u0430\u044f \u0441\u0442\u043e\u0440\u043e\u043d\u0430 \u043f\u044b\u0442\u0430\u0435\u0442\u0441\u044f\n\u043f\u043e\u043b\u0443\u0447\u0438\u0442\u044c \u043c\u0430\u0442\u0435\u0440\u0438\u0430\u043b\u044c\u043d\u044b\u0435 \u0438\u043b\u0438 \u043d\u0435\u043c\u0430\u0442\u0435\u0440\u0438\u0430\u043b\u044c\u043d\u044b\u0435 \u043f\u0440\u0435\u0438\u043c\u0443\u0449\u0435\u0441\u0442\u0432\u0430.<\/p>\n<p><\/p>\n<p><\/p>\n<p>7. \u0414\u0435\u0439\u0441\u0442\u0432\u0438\u044f, \u043e\u043f\u0438\u0441\u0430\u043d\u043d\u044b\u0435 \u0432 \u043f\u0443\u043d\u043a\u0442\u0435 \u0432\u044b\u0448\u0435, \u0434\u0430\u044e\u0442 \u043f\u0440\u0430\u0432\u043e \u0440\u0443\u043a\u043e\u0432\u043e\u0434\u0441\u0442\u0432\u0443 \u0430\u0441\u0441\u043e\u0446\u0438\u0430\u0446\u0438\u0438\n\u043d\u0435\u043c\u0435\u0434\u043b\u0435\u043d\u043d\u043e \u0438\u0441\u043a\u043b\u044e\u0447\u0438\u0442\u044c \u0438\u043d\u0438\u0446\u0438\u0430\u0442\u043e\u0440o\u0432 \u0442\u0430\u043a\u0438\u0445 \u043f\u043e\u0441\u0442\u043e\u0432 \u0438\u0437 \u0433\u0440\u0443\u043f\u043f\u044b \u0438 \u0438\u0437 \u0430\u0441\u0441\u043e\u0446\u0438\u0430\u0446\u0438\u0438.<\/p>\n<p><\/p>\n<p><\/p>\n<p>8. B\u0441\u0442\u0443\u043f\u043b\u0435\u043d\u0438\u0435 \u0432 \u0433\u0440\u0443\u043f\u043f\u0443 LinkedIn \u043d\u0435 \u0434\u0430\u0435\u0442 \u0437\u0430\u0438\u043d\u0442\u0435\u0440\u0435\u0441\u043e\u0432\u0430\u043d\u043d\u043e\u043c\u0443 \u043b\u0438\u0446\u0443 \u0430\u0432\u0442\u043e\u043c\u0430\u0442\u0438\u0447\u0435\u0441\u043a\u043e\u0433\u043e\n\u043f\u0440\u0430\u0432\u0430 \u043d\u0430 \u0432\u0441\u0442\u0443\u043f\u043b\u0435\u043d\u0438\u0435 \u0432 \u0430\u0441\u0441\u043e\u0446\u0438\u0430\u0446\u0438\u044e. \u0412\u044b \u043c\u043e\u0436\u0435\u0442\u0435 <a href=\"https:\/\/expat-experts.de\/ru\/bewerben\/\" target=\"_blank\" rel=\"noreferrer noopener\">\u043f\u043e\u0434\u0430\u0442\u044c \u0437\u0430\u044f\u0432\u043a\u0443 \u043d\u0430 \u0432\u0441\u0442\u0443\u043f\u043b\u0435\u043d\u0438\u0435 \u0437\u0434\u0435\u0441\u044c<\/a>.<\/p>\n<p><\/p>\n<\/div>\n<p><\/p>\n<p><\/p>\n<p><\/p>\t\t\t\t\t\t\t\t<\/div>\n\t\t\t\t<\/div>\n\t\t\t\t\t<\/div>\n\t\t<\/div>\n\t\t\t\t\t<\/div>\n\t\t<\/section>\n\t\t\t\t<\/div>","protected":false},"excerpt":{"rendered":"<p>LinkedIn Gruppe Freunde und Interessenten des Expat Experts e.V. Gerne k\u00f6nnen Sie Interessenten aus Ihrem Kontaktkreis \u00fcber unser Verein und dessen Aktivit\u00e4ten informieren, auf Ihre Empfehlung hin, in die seit Herbst 2019 existierende Interessentengruppe auf unsere LinkedIn Seite einladen. 1. Wir richten uns haupts\u00e4chlich an High Potential Expate aus den ehemaligen Sowjetrepubliken mit Aufenthalt in [&hellip;]<\/p>\n","protected":false},"author":4,"featured_media":0,"parent":0,"menu_order":0,"comment_status":"closed","ping_status":"closed","template":"","meta":{"_eb_attr":"","footnotes":""},"class_list":["post-69","page","type-page","status-publish","hentry"],"blocksy_meta":{"styles_descriptor":{"styles":{"desktop":"","tablet":"","mobile":""},"google_fonts":[],"version":6},"page_title_panel":"","has_hero_section":"disabled","04a55c7ed865ba18307bdc7fd8bb5019":"","hero_section":"type-1","hero_elements":[{"id":"custom_title","enabled":true,"heading_tag":"h1","title":"\u0410\u0441\u0441\u043e\u0446\u0438\u0430\u0446\u0438\u044f"},{"id":"custom_description","enabled":true,"description_visibility":{"desktop":true,"tablet":true,"mobile":false}},{"id":"custom_meta","enabled":false,"meta_elements":[{"id":"author","enabled":true,"label":"By","has_author_avatar":"yes","avatar_size":25},{"id":"post_date","enabled":true,"label":"On","date_format_source":"default","date_format":"M j, Y"},{"id":"updated_date","enabled":false,"label":"On","date_format_source":"default","date_format":"M j, Y"},{"id":"categories","enabled":false,"label":"In","style":"simple"},{"id":"comments","enabled":true}],"page_meta_elements":{"joined":true,"articles_count":true,"comments":true}},{"id":"breadcrumbs","enabled":false}],"54a874a598afd6e57366b2cd15fbe194":"","hero_alignment1":"CT_CSS_SKIP_RULE","hero_margin":40,"hero_alignment2":"center","hero_vertical_alignment":"center","f059d25b19f3482fd9b1b1e6cbea70f9":"","hero_structure":"narrow","b4e01dda46ca9708f3aec5dd88ce0dba":"","page_title_bg_type":"featured_image","custom_hero_background":{"attachment_id":null},"parallax":{"desktop":false,"tablet":false,"mobile":false},"78fddcf927aca6232483962808efc2f3":"","hero_height":"250px","pageTitleFont":{"family":"Default","variation":"Default","size":"30px","line-height":"CT_CSS_SKIP_RULE","letter-spacing":"CT_CSS_SKIP_RULE","text-transform":"CT_CSS_SKIP_RULE","text-decoration":"CT_CSS_SKIP_RULE"},"pageTitleFontColor":{"default":{"color":"CT_CSS_SKIP_RULEDEFAULT"}},"pageMetaFont":{"family":"Default","variation":"n6","size":"12px","line-height":"1.3","letter-spacing":"CT_CSS_SKIP_RULE","text-transform":"uppercase","text-decoration":"CT_CSS_SKIP_RULE"},"pageMetaFontColor":{"default":{"color":"CT_CSS_SKIP_RULEDEFAULT"},"hover":{"color":"CT_CSS_SKIP_RULEDEFAULT"}},"page_meta_button_type_font_colors":{"default":{"color":"CT_CSS_SKIP_RULEDEFAULT"},"hover":{"color":"CT_CSS_SKIP_RULEDEFAULT"}},"page_meta_button_type_background_colors":{"default":{"color":"CT_CSS_SKIP_RULEDEFAULT"},"hover":{"color":"CT_CSS_SKIP_RULEDEFAULT"}},"pageExcerptFont":{"family":"Default","variation":"Default","size":"CT_CSS_SKIP_RULE","line-height":"CT_CSS_SKIP_RULE","letter-spacing":"CT_CSS_SKIP_RULE","text-transform":"CT_CSS_SKIP_RULE","text-decoration":"CT_CSS_SKIP_RULE"},"pageExcerptColor":{"default":{"color":"CT_CSS_SKIP_RULEDEFAULT"}},"breadcrumbsFont":{"family":"Default","variation":"Default","size":"CT_CSS_SKIP_RULE","line-height":"CT_CSS_SKIP_RULE","letter-spacing":"CT_CSS_SKIP_RULE","text-transform":"CT_CSS_SKIP_RULE","text-decoration":"CT_CSS_SKIP_RULE"},"breadcrumbsFontColor":{"default":{"color":"CT_CSS_SKIP_RULEDEFAULT"},"initial":{"color":"CT_CSS_SKIP_RULEDEFAULT"},"hover":{"color":"CT_CSS_SKIP_RULEDEFAULT"}},"pageTitleOverlay":{"background_type":"color","background_pattern":"type-1","background_image":{"attachment_id":null,"x":0,"y":0},"gradient":"linear-gradient(135deg,rgba(6,147,227,1) 0%,rgb(155,81,224) 100%)","background_repeat":"repeat","background_size":"auto","background_attachment":"scroll","patternColor":{"default":{"color":"#e5e7ea"}},"overlayColor":{"default":{"color":"CT_CSS_SKIP_RULE"}},"backgroundColor":{"default":{"color":"CT_CSS_SKIP_RULE"}}},"pageTitleBackground":{"background_type":"color","background_pattern":"type-1","background_image":{"attachment_id":null,"x":0,"y":0},"gradient":"linear-gradient(135deg,rgba(6,147,227,1) 0%,rgb(155,81,224) 100%)","background_repeat":"repeat","background_size":"auto","background_attachment":"scroll","patternColor":{"default":{"color":"#e5e7ea"}},"overlayColor":{"default":{"color":"CT_CSS_SKIP_RULE"}},"backgroundColor":{"default":{"color":"var(--theme-palette-color-6)"}}},"pageTitlePadding":{"top":"50px","bottom":"50px","left":"auto","right":"auto","linked":true},"6f7a159eb80580037a011a036d86e84a":"","page_structure_type":"default","fb625d928a223a2377f9eeabdd181aea":"","content_style_source":"inherit","content_style":"wide","vertical_spacing_source":"inherit","content_area_spacing":"both","background":{"background_type":"color","background_pattern":"type-1","background_image":{"attachment_id":null,"x":0,"y":0},"gradient":"linear-gradient(135deg,rgba(6,147,227,1) 0%,rgb(155,81,224) 100%)","background_repeat":"repeat","background_size":"auto","background_attachment":"scroll","patternColor":{"default":{"color":"#e5e7ea"}},"overlayColor":{"default":{"color":"CT_CSS_SKIP_RULE"}},"backgroundColor":{"default":{"color":"CT_CSS_SKIP_RULE"}}},"content_background":{"background_type":"color","background_pattern":"type-1","background_image":{"attachment_id":null,"x":0,"y":0},"gradient":"linear-gradient(135deg,rgba(6,147,227,1) 0%,rgb(155,81,224) 100%)","background_repeat":"repeat","background_size":"auto","background_attachment":"scroll","patternColor":{"default":{"color":"#e5e7ea"}},"overlayColor":{"default":{"color":"CT_CSS_SKIP_RULE"}},"backgroundColor":{"default":{"color":"var(--theme-palette-color-8)"}}},"content_boxed_shadow":{"inherit":false,"blur":18,"spread":-6,"v_offset":12,"h_offset":0,"inset":false,"enable":true,"color":{"color":"rgba(34, 56, 101, 0.04)"}},"boxed_content_spacing":{"desktop":{"top":"40px","bottom":"40px","left":"40px","right":"40px","linked":true},"tablet":{"top":"35px","bottom":"35px","left":"35px","right":"35px","linked":true},"mobile":{"top":"20px","bottom":"20px","left":"20px","right":"20px","linked":true}},"content_boxed_radius":{"top":"3px","bottom":"3px","left":"3px","right":"3px","linked":true},"0e2c36ec1d465e946a62f095b8777580":"","disable_featured_image":"no","disable_share_box":"no","disable_header":"no","disable_footer":"no"},"_links":{"self":[{"href":"https:\/\/expat-experts.de\/ru\/wp-json\/wp\/v2\/pages\/69","targetHints":{"allow":["GET"]}}],"collection":[{"href":"https:\/\/expat-experts.de\/ru\/wp-json\/wp\/v2\/pages"}],"about":[{"href":"https:\/\/expat-experts.de\/ru\/wp-json\/wp\/v2\/types\/page"}],"author":[{"embeddable":true,"href":"https:\/\/expat-experts.de\/ru\/wp-json\/wp\/v2\/users\/4"}],"replies":[{"embeddable":true,"href":"https:\/\/expat-experts.de\/ru\/wp-json\/wp\/v2\/comments?post=69"}],"version-history":[{"count":12,"href":"https:\/\/expat-experts.de\/ru\/wp-json\/wp\/v2\/pages\/69\/revisions"}],"predecessor-version":[{"id":2138,"href":"https:\/\/expat-experts.de\/ru\/wp-json\/wp\/v2\/pages\/69\/revisions\/2138"}],"wp:attachment":[{"href":"https:\/\/expat-experts.de\/ru\/wp-json\/wp\/v2\/media?parent=69"}],"curies":[{"name":"wp","href":"https:\/\/api.w.org\/{rel}","templated":true}]}}