{"id":2516,"date":"2025-02-23T19:32:58","date_gmt":"2025-02-23T18:32:58","guid":{"rendered":"https:\/\/expat-experts.de\/?page_id=2516"},"modified":"2025-03-08T19:07:41","modified_gmt":"2025-03-08T18:07:41","slug":"bewertungen","status":"publish","type":"page","link":"https:\/\/expat-experts.de\/ru\/bewertungen\/","title":{"rendered":"\u041e\u0442\u0437\u044b\u0432\u044b"},"content":{"rendered":"<div data-elementor-type=\"wp-page\" data-elementor-id=\"2516\" class=\"elementor elementor-2516\">\n\t\t\t\t\t\t<section class=\"elementor-section elementor-top-section elementor-element elementor-element-c7bb9ad elementor-section-boxed elementor-section-height-default elementor-section-height-default\" data-id=\"c7bb9ad\" data-element_type=\"section\" data-e-type=\"section\">\n\t\t\t\t\t\t<div class=\"elementor-container elementor-column-gap-default\">\n\t\t\t\t\t<div class=\"elementor-column elementor-col-100 elementor-top-column elementor-element elementor-element-b51e242\" data-id=\"b51e242\" data-element_type=\"column\" data-e-type=\"column\">\n\t\t\t<div class=\"elementor-widget-wrap elementor-element-populated\">\n\t\t\t\t\t\t<div class=\"elementor-element elementor-element-200f76b elementor-widget elementor-widget-heading\" data-id=\"200f76b\" data-element_type=\"widget\" data-e-type=\"widget\" data-widget_type=\"heading.default\">\n\t\t\t\t<div class=\"elementor-widget-container\">\n\t\t\t\t\t<h2 class=\"elementor-heading-title elementor-size-default\">\u041e\u0442\u0437\u044b\u0432\u044b<\/h2>\t\t\t\t<\/div>\n\t\t\t\t<\/div>\n\t\t\t\t\t<\/div>\n\t\t<\/div>\n\t\t\t\t\t<\/div>\n\t\t<\/section>\n\t\t\t\t<section class=\"elementor-section elementor-top-section elementor-element elementor-element-d0afdcc elementor-section-boxed elementor-section-height-default elementor-section-height-default\" data-id=\"d0afdcc\" data-element_type=\"section\" data-e-type=\"section\">\n\t\t\t\t\t\t<div class=\"elementor-container elementor-column-gap-default\">\n\t\t\t\t\t<div class=\"elementor-column elementor-col-50 elementor-top-column elementor-element elementor-element-60e5fae\" data-id=\"60e5fae\" data-element_type=\"column\" data-e-type=\"column\">\n\t\t\t<div class=\"elementor-widget-wrap elementor-element-populated\">\n\t\t\t\t\t\t<div class=\"elementor-element elementor-element-fddafce elementor-widget elementor-widget-eael-testimonial\" data-id=\"fddafce\" data-element_type=\"widget\" data-e-type=\"widget\" data-widget_type=\"eael-testimonial.default\">\n\t\t\t\t<div class=\"elementor-widget-container\">\n\t\t\t\t\t\n\t<div id=\"eael-testimonial-fddafce\" class=\"eael-testimonial-item clearfix testimonial-avatar-rounded default-style\">\n\t\t\t\t\n\t\t\n\t\t\t\t\t\t\t\t<div class=\"eael-testimonial-image\">\n\t\t\t\t\t\t\t\t\t<figure><img fetchpriority=\"high\" decoding=\"async\" width=\"768\" height=\"768\" src=\"https:\/\/expat-experts.de\/wp-content\/uploads\/2025\/02\/Leila-Photo-768x768.png\" class=\"attachment-medium_large size-medium_large wp-image-2517\" alt=\"\" srcset=\"https:\/\/expat-experts.de\/wp-content\/uploads\/2025\/02\/Leila-Photo-768x768.png 768w, https:\/\/expat-experts.de\/wp-content\/uploads\/2025\/02\/Leila-Photo-300x300.png 300w, https:\/\/expat-experts.de\/wp-content\/uploads\/2025\/02\/Leila-Photo-1024x1024.png 1024w, https:\/\/expat-experts.de\/wp-content\/uploads\/2025\/02\/Leila-Photo-150x150.png 150w, https:\/\/expat-experts.de\/wp-content\/uploads\/2025\/02\/Leila-Photo-12x12.png 12w, https:\/\/expat-experts.de\/wp-content\/uploads\/2025\/02\/Leila-Photo.png 1400w\" sizes=\"(max-width: 768px) 100vw, 768px\" \/><\/figure>\n\t\t\t\t\t\t\t<\/div>\n\t\t\t\t\t\t<div class=\"eael-testimonial-content\">\n\t\t\t\t<div class=\"eael-testimonial-text\"><p style=\"text-align: left\">\u042f \u043c\u043e\u0433\u0443 \u0442\u043e\u043b\u044c\u043a\u043e \u043f\u043e\u0440\u0435\u043a\u043e\u043c\u0435\u043d\u0434\u043e\u0432\u0430\u0442\u044c \u0432\u0441\u0435\u043c \u0432\u0441\u0442\u0443\u043f\u0438\u0442\u044c \u0432 \u044d\u0442\u0443 \u0430\u0441\u0441\u043e\u0446\u0438\u0430\u0446\u0438\u044e! \u042f \u044f\u0432\u043b\u044f\u044e\u0441\u044c \u0447\u043b\u0435\u043d\u043e\u043c \u0430\u0441\u0441\u043e\u0446\u0438\u0430\u0446\u0438\u0438 \u0443\u0436\u0435 \u0431\u043e\u043b\u0435\u0435 \u0434\u0432\u0443\u0445 \u043b\u0435\u0442, \u0438 \u0437\u0430 \u044d\u0442\u043e \u0432\u0440\u0435\u043c\u044f \u044f \u043e\u0431\u0440\u0435\u043b\u0430 \u043c\u043d\u043e\u0433\u043e \u0438\u043d\u0442\u0435\u0440\u0435\u0441\u043d\u044b\u0445 \u0437\u043d\u0430\u043a\u043e\u043c\u0441\u0442\u0432 \u0438 \u043f\u043e\u043b\u0443\u0447\u0438\u043b\u0430 \u0446\u0435\u043d\u043d\u044b\u0435 \u0441\u043e\u0432\u0435\u0442\u044b \u0438 \u0437\u043d\u0430\u043d\u0438\u044f. \u042d\u0442\u043e \u043e\u0441\u043e\u0431\u0435\u043d\u043d\u043e \u0432\u0430\u0436\u043d\u043e \u0434\u043b\u044f \u043c\u0435\u043d\u044f \u043a\u0430\u043a \u0434\u043b\u044f \u044d\u043a\u0441\u043f\u0430\u0442\u0430, \u043a\u043e\u0442\u043e\u0440\u043e\u043c\u0443 \u043f\u0440\u0438\u0448\u043b\u043e\u0441\u044c \u0432 \u0447\u0443\u0436\u043e\u0439 \u0441\u0442\u0440\u0430\u043d\u0435 \u0432\u0441\u0435 \u043d\u0430\u0447\u0438\u043d\u0430\u0442\u044c \u0441 \u043d\u0443\u043b\u044f. \u0417\u0434\u0435\u0441\u044c \u0434\u0435\u0439\u0441\u0442\u0432\u0438\u0442\u0435\u043b\u044c\u043d\u043e \u0445\u043e\u0440\u043e\u0448\u0438\u0439 \u0434\u0438\u0430\u043b\u043e\u0433 \u0441 \u043b\u044e\u0434\u044c\u043c\u0438, \u043a\u043e\u0442\u043e\u0440\u044b\u0435 \u0441 \u0440\u0430\u0434\u043e\u0441\u0442\u044c\u044e \u0434\u0435\u043b\u044f\u0442\u0441\u044f \u0441\u0432\u043e\u0438\u043c\u0438 \u0437\u043d\u0430\u043d\u0438\u044f\u043c\u0438. \u0420\u0435\u0433\u0443\u043b\u044f\u0440\u043d\u044b\u0435 \u043c\u0435\u0440\u043e\u043f\u0440\u0438\u044f\u0442\u0438\u044f \u0438 \u0434\u0438\u0441\u043a\u0443\u0441\u0441\u0438\u0438 \u043f\u043e\u043c\u043e\u0433\u0430\u044e\u0442 \u043e\u0441\u0442\u0430\u0432\u0430\u0442\u044c\u0441\u044f \u0432 \u043a\u0443\u0440\u0441\u0435 \u0441\u043e\u0431\u044b\u0442\u0438\u0439 \u0438 \u043e\u0442\u043a\u0440\u044b\u0432\u0430\u0442\u044c \u0434\u043b\u044f \u0441\u0435\u0431\u044f \u043d\u043e\u0432\u044b\u0435 \u0438 \u043f\u043e\u043b\u0435\u0437\u043d\u044b\u0435 \u0432\u0435\u0449\u0438.<\/p><\/div><p class=\"eael-testimonial-user\">Leila Nurmanbetova,<\/p><p class=\"eael-testimonial-user-company\">CFO<\/p>\t\t\t<\/div>\n\t\t\n\t\t\n\t\t\n\t\t\n\t\t\n\t\t\n\t\t<span class=\"eael-testimonial-quote\"><\/span>\n\t<\/div>\n\n\t\t\t\t\t<\/div>\n\t\t\t\t<\/div>\n\t\t\t\t<div class=\"elementor-element elementor-element-cbf3d48 elementor-widget elementor-widget-eael-testimonial\" data-id=\"cbf3d48\" data-element_type=\"widget\" data-e-type=\"widget\" data-widget_type=\"eael-testimonial.default\">\n\t\t\t\t<div class=\"elementor-widget-container\">\n\t\t\t\t\t\n\t<div id=\"eael-testimonial-cbf3d48\" class=\"eael-testimonial-item clearfix testimonial-avatar-rounded default-style\">\n\t\t\t\t\n\t\t\n\t\t\t\t\t\t\t\t<div class=\"eael-testimonial-image\">\n\t\t\t\t\t\t\t\t\t<figure><img decoding=\"async\" width=\"300\" height=\"300\" src=\"https:\/\/expat-experts.de\/wp-content\/uploads\/2025\/02\/ce6fc8fb-431e-4483-a603-df9f13e8a5b8-1-300x300.png\" class=\"attachment-medium size-medium wp-image-2526\" alt=\"\" srcset=\"https:\/\/expat-experts.de\/wp-content\/uploads\/2025\/02\/ce6fc8fb-431e-4483-a603-df9f13e8a5b8-1-300x300.png 300w, https:\/\/expat-experts.de\/wp-content\/uploads\/2025\/02\/ce6fc8fb-431e-4483-a603-df9f13e8a5b8-1-150x150.png 150w, https:\/\/expat-experts.de\/wp-content\/uploads\/2025\/02\/ce6fc8fb-431e-4483-a603-df9f13e8a5b8-1-12x12.png 12w, https:\/\/expat-experts.de\/wp-content\/uploads\/2025\/02\/ce6fc8fb-431e-4483-a603-df9f13e8a5b8-1.png 617w\" sizes=\"(max-width: 300px) 100vw, 300px\" \/><\/figure>\n\t\t\t\t\t\t\t<\/div>\n\t\t\t\t\t\t<div class=\"eael-testimonial-content\">\n\t\t\t\t<div class=\"eael-testimonial-text\"><p style=\"text-align: left\">Nach dem Kriegsanfang bin ich mit zwei anderen Freunden dem Expat Experts e.V. beigetreten und wurde sehr herzlichst empfangen. Heute bin ich weiterhin in Deutschland und lege Zugangspr\u00fcfungen ab, um Rechtswissenschaften, wie bereits in meiner Heimat, hier an der Universit\u00e4t zu studieren.\nVielen Dank f\u00fcr all die Unterst\u00fctzung, die Expat Experts e.V. in den letzten Jahren angeboten hat. Ich bin unglaublich dankbar daf\u00fcr, Mitglied gewesen zu sein. Durch den Verein hatte ich die M\u00f6glichkeit, gro\u00dfartige Menschen kennenzulernen, wertvolle Kontakte zu kn\u00fcpfen und neues Wissen zu erwerben. Eure Arbeit ist wirklich unbezahlbar, und ich w\u00fcnsche Euch weiterhin viel Erfolg bei der Unterst\u00fctzung anderer Mitglieder.<\/p><\/div><p class=\"eael-testimonial-user\">Inna Kernasiuk,<\/p><p class=\"eael-testimonial-user-company\">Juristin aus der Ukraine, zuk\u00fcnftige Studentin an einer deutschen Universit\u00e4t<\/p>\t\t\t<\/div>\n\t\t\n\t\t\n\t\t\n\t\t\n\t\t\n\t\t\n\t\t<span class=\"eael-testimonial-quote\"><\/span>\n\t<\/div>\n\n\t\t\t\t\t<\/div>\n\t\t\t\t<\/div>\n\t\t\t\t\t<\/div>\n\t\t<\/div>\n\t\t\t\t<div class=\"elementor-column elementor-col-50 elementor-top-column elementor-element elementor-element-f7f5192\" data-id=\"f7f5192\" data-element_type=\"column\" data-e-type=\"column\">\n\t\t\t<div class=\"elementor-widget-wrap elementor-element-populated\">\n\t\t\t\t\t\t<div class=\"elementor-element elementor-element-9d05df9 elementor-widget elementor-widget-eael-testimonial\" data-id=\"9d05df9\" data-element_type=\"widget\" data-e-type=\"widget\" data-widget_type=\"eael-testimonial.default\">\n\t\t\t\t<div class=\"elementor-widget-container\">\n\t\t\t\t\t\n\t<div id=\"eael-testimonial-9d05df9\" class=\"eael-testimonial-item clearfix testimonial-avatar-rounded default-style\">\n\t\t\t\t\n\t\t\n\t\t\t\t\t\t\t\t<div class=\"eael-testimonial-image\">\n\t\t\t\t\t\t\t\t\t<figure><img decoding=\"async\" width=\"768\" height=\"768\" src=\"https:\/\/expat-experts.de\/wp-content\/uploads\/2025\/02\/472401822_1374654647032543_3258118943428432551_n-1-768x768.png\" class=\"attachment-medium_large size-medium_large wp-image-2518\" alt=\"\" srcset=\"https:\/\/expat-experts.de\/wp-content\/uploads\/2025\/02\/472401822_1374654647032543_3258118943428432551_n-1-768x768.png 768w, https:\/\/expat-experts.de\/wp-content\/uploads\/2025\/02\/472401822_1374654647032543_3258118943428432551_n-1-300x300.png 300w, https:\/\/expat-experts.de\/wp-content\/uploads\/2025\/02\/472401822_1374654647032543_3258118943428432551_n-1-150x150.png 150w, https:\/\/expat-experts.de\/wp-content\/uploads\/2025\/02\/472401822_1374654647032543_3258118943428432551_n-1-12x12.png 12w, https:\/\/expat-experts.de\/wp-content\/uploads\/2025\/02\/472401822_1374654647032543_3258118943428432551_n-1.png 950w\" sizes=\"(max-width: 768px) 100vw, 768px\" \/><\/figure>\n\t\t\t\t\t\t\t<\/div>\n\t\t\t\t\t\t<div class=\"eael-testimonial-content\">\n\t\t\t\t<div class=\"eael-testimonial-text\"><p style=\"text-align: left\">Vielen Dank an den gesamten Verein und alle, die an der Organisation der Veranstaltungen beteiligt waren (Anna Derz, Elena Shulgina, vielen Dank f\u00fcr die M\u00f6glichkeiten, sich an verschiedenen Orten zu treffen). <\/em>\n<em>Besonders erinnerungsw\u00fcrdig waren Berlin mit Nataliya Anferova, Heidelberg mit Julia Zinovieva und Frankfurt mit Anna und dem gesamten Verein! <\/em>\n<em>Ich danke euch f\u00fcr eure unerm\u00fcdliche Unterst\u00fctzung. Ihr habt mir sehr geholfen, die schwierige Entscheidung zu treffen, nach Deutschland zur\u00fcckzukehren und meinen jetzigen Job zu finden. Nicht alles ist leicht und locker, aber die Hauptsache ist, dass ihr mir dabei geholfen habt, weiterzumachen!<\/p><\/div><p class=\"eael-testimonial-user\">Evgeniia Prorekhina,<\/p><p class=\"eael-testimonial-user-company\">Projektmanagerin<\/p>\t\t\t<\/div>\n\t\t\n\t\t\n\t\t\n\t\t\n\t\t\n\t\t\n\t\t<span class=\"eael-testimonial-quote\"><\/span>\n\t<\/div>\n\n\t\t\t\t\t<\/div>\n\t\t\t\t<\/div>\n\t\t\t\t\t<\/div>\n\t\t<\/div>\n\t\t\t\t\t<\/div>\n\t\t<\/section>\n\t\t\t\t<section class=\"elementor-section elementor-top-section elementor-element elementor-element-7735b2c elementor-section-boxed elementor-section-height-default elementor-section-height-default\" data-id=\"7735b2c\" data-element_type=\"section\" data-e-type=\"section\">\n\t\t\t\t\t\t<div class=\"elementor-container elementor-column-gap-default\">\n\t\t\t\t\t<div class=\"elementor-column elementor-col-100 elementor-top-column elementor-element elementor-element-3055db8\" data-id=\"3055db8\" data-element_type=\"column\" data-e-type=\"column\">\n\t\t\t<div class=\"elementor-widget-wrap\">\n\t\t\t\t\t\t\t<\/div>\n\t\t<\/div>\n\t\t\t\t\t<\/div>\n\t\t<\/section>\n\t\t\t\t<\/div>","protected":false},"excerpt":{"rendered":"<p>Bewertungen Ich kann nur jedem empfehlen, diesem Verein beizutreten! Ich bin jetzt seit \u00fcber zwei Jahren Mitglied des Vereins und habe in dieser Zeit viele interessante Bekanntschaften gemacht und wertvolle Ratschl\u00e4ge und Kenntnisse erhalten. Das ist f\u00fcr mich als Expat, der in einem fremden Land alles von Grund auf neu aufbauen musste, besonders wichtig. Hier [&hellip;]<\/p>\n","protected":false},"author":6,"featured_media":0,"parent":0,"menu_order":0,"comment_status":"closed","ping_status":"closed","template":"","meta":{"_eb_attr":"","footnotes":""},"class_list":["post-2516","page","type-page","status-publish","hentry"],"blocksy_meta":{"page_title_panel":"","has_hero_section":"disabled","06273c6c4895c20f2313fbdf7192462d":"","hero_section":"type-1","hero_elements":[{"id":"custom_title","enabled":true,"heading_tag":"h1","title":"\u0410\u0441\u0441\u043e\u0446\u0438\u0430\u0446\u0438\u044f"},{"id":"custom_description","enabled":true,"description_visibility":{"desktop":true,"tablet":true,"mobile":false}},{"id":"custom_meta","enabled":false,"meta_elements":[{"id":"author","enabled":true,"label":"By","has_author_avatar":"yes","avatar_size":25},{"id":"post_date","enabled":true,"label":"On","date_format_source":"default","date_format":"M j, Y"},{"id":"updated_date","enabled":false,"label":"On","date_format_source":"default","date_format":"M j, Y"},{"id":"categories","enabled":false,"label":"In","style":"simple"},{"id":"comments","enabled":true}],"page_meta_elements":{"joined":true,"articles_count":true,"comments":true}},{"id":"breadcrumbs","enabled":false}],"2235581a65d2402b2d79d4de26c7ebff":"","hero_alignment1":"CT_CSS_SKIP_RULE","hero_margin":40,"hero_alignment2":"center","hero_vertical_alignment":"center","9ddf647c9b11e04bd23a348364c4d70b":"","hero_structure":"narrow","f0c5127b888de251dece0ba473edef0f":"","page_title_bg_type":"featured_image","custom_hero_background":{"attachment_id":null},"parallax":{"desktop":false,"tablet":false,"mobile":false},"3605ecfcedc4f2953bec800758097a42":"","hero_height":"250px","pageTitleFont":{"family":"Default","variation":"Default","size":"30px","line-height":"CT_CSS_SKIP_RULE","letter-spacing":"CT_CSS_SKIP_RULE","text-transform":"CT_CSS_SKIP_RULE","text-decoration":"CT_CSS_SKIP_RULE"},"pageTitleFontColor":{"default":{"color":"CT_CSS_SKIP_RULEDEFAULT"}},"pageMetaFont":{"family":"Default","variation":"n6","size":"12px","line-height":"1.3","letter-spacing":"CT_CSS_SKIP_RULE","text-transform":"uppercase","text-decoration":"CT_CSS_SKIP_RULE"},"pageMetaFontColor":{"default":{"color":"CT_CSS_SKIP_RULEDEFAULT"},"hover":{"color":"CT_CSS_SKIP_RULEDEFAULT"}},"page_meta_button_type_font_colors":{"default":{"color":"CT_CSS_SKIP_RULEDEFAULT"},"hover":{"color":"CT_CSS_SKIP_RULEDEFAULT"}},"page_meta_button_type_background_colors":{"default":{"color":"CT_CSS_SKIP_RULEDEFAULT"},"hover":{"color":"CT_CSS_SKIP_RULEDEFAULT"}},"pageExcerptFont":{"family":"Default","variation":"Default","size":"CT_CSS_SKIP_RULE","line-height":"CT_CSS_SKIP_RULE","letter-spacing":"CT_CSS_SKIP_RULE","text-transform":"CT_CSS_SKIP_RULE","text-decoration":"CT_CSS_SKIP_RULE"},"pageExcerptColor":{"default":{"color":"CT_CSS_SKIP_RULEDEFAULT"}},"breadcrumbsFont":{"family":"Default","variation":"Default","size":"CT_CSS_SKIP_RULE","line-height":"CT_CSS_SKIP_RULE","letter-spacing":"CT_CSS_SKIP_RULE","text-transform":"CT_CSS_SKIP_RULE","text-decoration":"CT_CSS_SKIP_RULE"},"breadcrumbsFontColor":{"default":{"color":"CT_CSS_SKIP_RULEDEFAULT"},"initial":{"color":"CT_CSS_SKIP_RULEDEFAULT"},"hover":{"color":"CT_CSS_SKIP_RULEDEFAULT"}},"pageTitleOverlay":{"background_type":"color","background_pattern":"type-1","background_image":{"attachment_id":null,"x":0,"y":0},"gradient":"linear-gradient(135deg,rgba(6,147,227,1) 0%,rgb(155,81,224) 100%)","background_repeat":"repeat","background_size":"auto","background_attachment":"scroll","patternColor":{"default":{"color":"#e5e7ea"}},"overlayColor":{"default":{"color":"CT_CSS_SKIP_RULE"}},"backgroundColor":{"default":{"color":"CT_CSS_SKIP_RULE"}}},"pageTitleBackground":{"background_type":"color","background_pattern":"type-1","background_image":{"attachment_id":null,"x":0,"y":0},"gradient":"linear-gradient(135deg,rgba(6,147,227,1) 0%,rgb(155,81,224) 100%)","background_repeat":"repeat","background_size":"auto","background_attachment":"scroll","patternColor":{"default":{"color":"#e5e7ea"}},"overlayColor":{"default":{"color":"CT_CSS_SKIP_RULE"}},"backgroundColor":{"default":{"color":"var(--theme-palette-color-6)"}}},"pageTitlePadding":{"top":"50px","bottom":"50px","left":"auto","right":"auto","linked":true},"54ac41af7e7e5ef2ba8eaf5aa9020379":"","page_structure_type":"default","fb5e76c5f8006da48e96fd001d8a9fde":"","content_style_source":"inherit","content_style":"wide","vertical_spacing_source":"inherit","content_area_spacing":"both","background":{"background_type":"color","background_pattern":"type-1","background_image":{"attachment_id":null,"x":0,"y":0},"gradient":"linear-gradient(135deg,rgba(6,147,227,1) 0%,rgb(155,81,224) 100%)","background_repeat":"repeat","background_size":"auto","background_attachment":"scroll","patternColor":{"default":{"color":"#e5e7ea"}},"overlayColor":{"default":{"color":"CT_CSS_SKIP_RULE"}},"backgroundColor":{"default":{"color":"CT_CSS_SKIP_RULE"}}},"content_background":{"background_type":"color","background_pattern":"type-1","background_image":{"attachment_id":null,"x":0,"y":0},"gradient":"linear-gradient(135deg,rgba(6,147,227,1) 0%,rgb(155,81,224) 100%)","background_repeat":"repeat","background_size":"auto","background_attachment":"scroll","patternColor":{"default":{"color":"#e5e7ea"}},"overlayColor":{"default":{"color":"CT_CSS_SKIP_RULE"}},"backgroundColor":{"default":{"color":"var(--theme-palette-color-8)"}}},"content_boxed_shadow":{"inherit":false,"blur":18,"spread":-6,"v_offset":12,"h_offset":0,"inset":false,"enable":true,"color":{"color":"rgba(34, 56, 101, 0.04)"}},"boxed_content_spacing":{"desktop":{"top":"40px","bottom":"40px","left":"40px","right":"40px","linked":true},"tablet":{"top":"35px","bottom":"35px","left":"35px","right":"35px","linked":true},"mobile":{"top":"20px","bottom":"20px","left":"20px","right":"20px","linked":true}},"content_boxed_radius":{"top":"3px","bottom":"3px","left":"3px","right":"3px","linked":true},"e60cfadabe77fe88dc496a493bd903af":"","disable_featured_image":"no","disable_share_box":"no","disable_header":"no","disable_footer":"no","styles_descriptor":{"styles":{"desktop":"","tablet":"","mobile":""},"google_fonts":[],"version":6}},"_links":{"self":[{"href":"https:\/\/expat-experts.de\/ru\/wp-json\/wp\/v2\/pages\/2516","targetHints":{"allow":["GET"]}}],"collection":[{"href":"https:\/\/expat-experts.de\/ru\/wp-json\/wp\/v2\/pages"}],"about":[{"href":"https:\/\/expat-experts.de\/ru\/wp-json\/wp\/v2\/types\/page"}],"author":[{"embeddable":true,"href":"https:\/\/expat-experts.de\/ru\/wp-json\/wp\/v2\/users\/6"}],"replies":[{"embeddable":true,"href":"https:\/\/expat-experts.de\/ru\/wp-json\/wp\/v2\/comments?post=2516"}],"version-history":[{"count":15,"href":"https:\/\/expat-experts.de\/ru\/wp-json\/wp\/v2\/pages\/2516\/revisions"}],"predecessor-version":[{"id":2555,"href":"https:\/\/expat-experts.de\/ru\/wp-json\/wp\/v2\/pages\/2516\/revisions\/2555"}],"wp:attachment":[{"href":"https:\/\/expat-experts.de\/ru\/wp-json\/wp\/v2\/media?parent=2516"}],"curies":[{"name":"wp","href":"https:\/\/api.w.org\/{rel}","templated":true}]}}