{"id":1508,"date":"2022-09-08T12:37:59","date_gmt":"2022-09-08T11:37:59","guid":{"rendered":"https:\/\/expat-experts.de\/?page_id=1508"},"modified":"2023-05-16T08:02:01","modified_gmt":"2023-05-16T07:02:01","slug":"spenden","status":"publish","type":"page","link":"https:\/\/expat-experts.de\/ru\/spenden\/","title":{"rendered":"\u041f\u043e\u0436\u0435\u0440\u0442\u0432\u043e\u0432\u0430\u043d\u0438\u0435"},"content":{"rendered":"<div data-elementor-type=\"wp-page\" data-elementor-id=\"1508\" class=\"elementor elementor-1508\">\n\t\t\t\t\t\t<section class=\"elementor-section elementor-top-section elementor-element elementor-element-68cbce2 elementor-section-boxed elementor-section-height-default elementor-section-height-default\" data-id=\"68cbce2\" data-element_type=\"section\" data-e-type=\"section\">\n\t\t\t\t\t\t<div class=\"elementor-container elementor-column-gap-default\">\n\t\t\t\t\t<div class=\"elementor-column elementor-col-100 elementor-top-column elementor-element elementor-element-a747bf7\" data-id=\"a747bf7\" data-element_type=\"column\" data-e-type=\"column\">\n\t\t\t<div class=\"elementor-widget-wrap elementor-element-populated\">\n\t\t\t\t\t\t<div class=\"elementor-element elementor-element-a78e352 elementor-widget elementor-widget-text-editor\" data-id=\"a78e352\" data-element_type=\"widget\" data-e-type=\"widget\" data-widget_type=\"text-editor.default\">\n\t\t\t\t<div class=\"elementor-widget-container\">\n\t\t\t\t\t\t\t\t\t<p>\u0412\u044b \u0445\u043e\u0442\u0435\u043b\u0438 \u0431\u044b \u043f\u043e\u0434\u0434\u0435\u0440\u0436\u0430\u0442\u044c \u043d\u0430\u0448\u0443 \u043d\u0435\u043a\u043e\u043c\u043c\u0435\u0440\u0447\u0435\u0441\u043a\u0443\u044e \u0430\u0441\u0441\u043e\u0446\u0438\u0430\u0446\u0438\u044e \u043f\u043e\u0436\u0435\u0440\u0442\u0432\u043e\u0432\u0430\u043d\u0438\u0435\u043c? \u041c\u044b \u0431\u0443\u0434\u0435\u043c \u043e\u0447\u0435\u043d\u044c \u0440\u0430\u0434\u044b \u0432\u0430\u0448\u0435\u0439 \u043f\u043e\u0434\u0434\u0435\u0440\u0436\u043a\u0435!<\/p>\n<p><span style=\"font-size: 14pt;\"><strong>\u0421\u0447\u0435\u0442 \u0434\u043b\u044f \u043f\u043e\u0436\u0435\u0440\u0442\u0432\u043e\u0432\u0430\u043d\u0438\u0439:<\/strong><\/span><br>Expat Experts e.V.<br>IBAN: DE23 5185 0079 0027 2041 80<br>BIC: HELADEF1FRI&nbsp;<\/p>\n<p>\u0421 1.1.2021 \u0433\u043e\u0434\u0430 \u0434\u043b\u044f \u043f\u043e\u0436\u0435\u0440\u0442\u0432\u043e\u0432\u0430\u043d\u0438\u0439 \u0438 \u0447\u043b\u0435\u043d\u0441\u043a\u0438\u0445 \u0432\u0437\u043d\u043e\u0441\u043e\u0432 \u043d\u0430 \u0441\u0443\u043c\u043c\u0443 \u043c\u0435\u043d\u0435\u0435 300 \u0435\u0432\u0440\u043e (\u0440\u0430\u043d\u0435\u0435: 200 \u0435\u0432\u0440\u043e) \u0434\u043e\u0441\u0442\u0430\u0442\u043e\u0447\u043d\u043e \u0443\u043f\u0440\u043e\u0449\u0435\u043d\u043d\u043e\u0433\u043e \u043f\u043e\u0434\u0442\u0432\u0435\u0440\u0436\u0434\u0435\u043d\u0438\u044f \u0432 \u043d\u0430\u043b\u043e\u0433\u043e\u0432\u043e\u0439 \u0438\u043d\u0441\u043f\u0435\u043a\u0446\u0438\u0438. \u0423\u043f\u0440\u043e\u0449\u0435\u043d\u043d\u044b\u043c \u0434\u043e\u043a\u0430\u0437\u0430\u0442\u0435\u043b\u044c\u0441\u0442\u0432\u043e\u043c \u044f\u0432\u043b\u044f\u0435\u0442\u0441\u044f: \u043f\u0440\u043e\u0441\u0442\u0430\u044f \u0432\u044b\u043f\u0438\u0441\u043a\u0430 \u0441 \u0431\u0430\u043d\u043a\u043e\u0432\u0441\u043a\u043e\u0433\u043e \u0441\u0447\u0435\u0442\u0430, \u043f\u043e\u0434\u0442\u0432\u0435\u0440\u0436\u0434\u0435\u043d\u0438\u0435 \u0431\u0430\u043d\u043a\u043e\u0432\u0441\u043a\u043e\u0433\u043e \u043f\u0435\u0440\u0435\u0432\u043e\u0434\u0430 \u0438\u043b\u0438 \u0434\u0435\u043f\u043e\u0437\u0438\u0442\u043d\u044b\u0439 \u0447\u0435\u043a.<\/p>\t\t\t\t\t\t\t\t<\/div>\n\t\t\t\t<\/div>\n\t\t\t\t\t<\/div>\n\t\t<\/div>\n\t\t\t\t\t<\/div>\n\t\t<\/section>\n\t\t\t\t<\/div>","protected":false},"excerpt":{"rendered":"<p>Sie m\u00f6chten unseren gemeinn\u00fctzigen Verein mit einer Spende unterst\u00fctzen? Wir freuen uns sehr \u00fcber eine Spende. Spendenkonto:Expat Experts e.V.IBAN: DE23 5185 0079 0027 2041 80BIC: HELADEF1FRI&nbsp; Seit dem 1.1.2021 reicht f\u00fcr Spenden und Mitgliedsbeitr\u00e4ge unter 300 Euro (bisher: 200 Euro) ein vereinfachter Nachweis gegen\u00fcber dem Finanzamt. Als vereinfachter Nachweis gilt: ein einfacher Kontoauszug, eine Buchungsbest\u00e4tigung [&hellip;]<\/p>\n","protected":false},"author":4,"featured_media":0,"parent":0,"menu_order":0,"comment_status":"closed","ping_status":"closed","template":"","meta":{"_eb_attr":"","footnotes":""},"class_list":["post-1508","page","type-page","status-publish","hentry"],"blocksy_meta":{"styles_descriptor":{"styles":{"desktop":"","tablet":"","mobile":""},"google_fonts":[],"version":6}},"_links":{"self":[{"href":"https:\/\/expat-experts.de\/ru\/wp-json\/wp\/v2\/pages\/1508","targetHints":{"allow":["GET"]}}],"collection":[{"href":"https:\/\/expat-experts.de\/ru\/wp-json\/wp\/v2\/pages"}],"about":[{"href":"https:\/\/expat-experts.de\/ru\/wp-json\/wp\/v2\/types\/page"}],"author":[{"embeddable":true,"href":"https:\/\/expat-experts.de\/ru\/wp-json\/wp\/v2\/users\/4"}],"replies":[{"embeddable":true,"href":"https:\/\/expat-experts.de\/ru\/wp-json\/wp\/v2\/comments?post=1508"}],"version-history":[{"count":17,"href":"https:\/\/expat-experts.de\/ru\/wp-json\/wp\/v2\/pages\/1508\/revisions"}],"predecessor-version":[{"id":2134,"href":"https:\/\/expat-experts.de\/ru\/wp-json\/wp\/v2\/pages\/1508\/revisions\/2134"}],"wp:attachment":[{"href":"https:\/\/expat-experts.de\/ru\/wp-json\/wp\/v2\/media?parent=1508"}],"curies":[{"name":"wp","href":"https:\/\/api.w.org\/{rel}","templated":true}]}}