{"id":1325,"date":"2022-05-06T04:57:58","date_gmt":"2022-05-06T03:57:58","guid":{"rendered":"https:\/\/expat-experts.de\/?page_id=1325"},"modified":"2025-04-14T13:28:41","modified_gmt":"2025-04-14T12:28:41","slug":"wir-unterstuetzen","status":"publish","type":"page","link":"https:\/\/expat-experts.de\/ru\/wir-unterstuetzen\/","title":{"rendered":"\u041c\u044b \u043f\u043e\u043c\u043e\u0433\u0430\u0435\u043c"},"content":{"rendered":"<div data-elementor-type=\"wp-page\" data-elementor-id=\"1325\" class=\"elementor elementor-1325\">\n\t\t\t\t\t\t<section class=\"elementor-section elementor-top-section elementor-element elementor-element-35a4094 elementor-section-boxed elementor-section-height-default elementor-section-height-default\" data-id=\"35a4094\" data-element_type=\"section\" data-e-type=\"section\">\n\t\t\t\t\t\t<div class=\"elementor-container elementor-column-gap-default\">\n\t\t\t\t\t<div class=\"elementor-column elementor-col-100 elementor-top-column elementor-element elementor-element-76a45b8\" data-id=\"76a45b8\" data-element_type=\"column\" data-e-type=\"column\">\n\t\t\t<div class=\"elementor-widget-wrap elementor-element-populated\">\n\t\t\t\t\t\t<div class=\"elementor-element elementor-element-349f8af elementor-widget elementor-widget-heading\" data-id=\"349f8af\" data-element_type=\"widget\" data-e-type=\"widget\" data-widget_type=\"heading.default\">\n\t\t\t\t<div class=\"elementor-widget-container\">\n\t\t\t\t\t<h2 class=\"elementor-heading-title elementor-size-default\">\u041c\u044b \u043f\u043e\u043c\u043e\u0433\u0430\u0435\u043c<\/h2>\t\t\t\t<\/div>\n\t\t\t\t<\/div>\n\t\t\t\t\t<\/div>\n\t\t<\/div>\n\t\t\t\t\t<\/div>\n\t\t<\/section>\n\t\t\t\t<section class=\"elementor-section elementor-top-section elementor-element elementor-element-3ac6846 elementor-section-boxed elementor-section-height-default elementor-section-height-default\" data-id=\"3ac6846\" data-element_type=\"section\" data-e-type=\"section\">\n\t\t\t\t\t\t<div class=\"elementor-container elementor-column-gap-default\">\n\t\t\t\t\t<div class=\"elementor-column elementor-col-100 elementor-top-column elementor-element elementor-element-b641897\" data-id=\"b641897\" data-element_type=\"column\" data-e-type=\"column\">\n\t\t\t<div class=\"elementor-widget-wrap elementor-element-populated\">\n\t\t\t\t\t\t<div class=\"elementor-element elementor-element-521f60c elementor-widget elementor-widget-text-editor\" data-id=\"521f60c\" data-element_type=\"widget\" data-e-type=\"widget\" data-widget_type=\"text-editor.default\">\n\t\t\t\t<div class=\"elementor-widget-container\">\n\t\t\t\t\t\t\t\t\t<p><span style=\"font-weight: 400;\">\u0426\u0435\u043b\u044c \u043d\u0430\u0448\u0435\u0439 \u041dKO- \u043e\u0431\u0435\u0441\u043f\u0435\u0447\u0438\u0442\u044c \u0432\u0437\u0430\u0438\u043c\u043d\u0443\u044e \u043f\u043e\u0434\u0434\u0435\u0440\u0436\u043a\u0443 \u0432 \u043f\u0440\u043e\u0444\u0435\u0441\u0441\u0438\u043e\u043d\u0430\u043b\u044c\u043d\u043e\u043c \u043a\u043e\u043d\u0442\u0435\u043a\u0441\u0442\u0435 \u0438 \u0441\u043e\u0434\u0435\u0439\u0441\u0442\u0432\u043e\u0432\u0430\u0442\u044c \u043f\u0440\u043e\u0444\u0435\u0441\u0441\u0438\u043e\u043d\u0430\u043b\u044c\u043d\u043e\u043c\u0443 \u043e\u0431\u0440\u0430\u0437\u043e\u0432\u0430\u043d\u0438\u044e \u0438 \u0440\u0430\u0432\u0435\u043d\u0441\u0442\u0432\u0443.<\/span><\/p><p><span style=\"font-weight: 400;\">\u0414\u043b\u044f \u043a\u0430\u043d\u0434\u0438\u0434\u0430\u0442\u043e\u0432, \u043a\u043e\u0442\u043e\u0440\u044b\u0435 \u0431\u044b\u043b\u0438 \u0432\u044b\u043d\u0443\u0436\u0434\u0435\u043d\u044b \u043f\u043e\u043a\u0438\u043d\u0443\u0442\u044c \u0441\u0432\u043e\u044e \u0441\u0442\u0440\u0430\u043d\u0443 \u0432 \u0440\u0435\u0437\u0443\u043b\u044c\u0442\u0430\u0442\u0435 \u0432\u043e\u0439\u043d\u044b \u0432 \u0423\u043a\u0440\u0430\u0438\u043d\u0435 (\u043d\u0435 \u0442\u043e\u043b\u044c\u043a\u043e \u0438\u0437 \u0423\u043a\u0440\u0430\u0438\u043d\u044b, \u043d\u043e \u0438 \u0438\u0437 \u0434\u0440\u0443\u0433\u0438\u0445 \u0441\u0442\u0440\u0430\u043d \u0431\u044b\u0432\u0448\u0435\u0433\u043e \u0421\u043e\u0432\u0435\u0442\u0441\u043a\u043e\u0433\u043e \u0421\u043e\u044e\u0437\u0430), \u0441\u0443\u0449\u0435\u0441\u0442\u0432\u0443\u0435\u0442 \u0432\u043e\u0437\u043c\u043e\u0436\u043d\u043e\u0441\u0442\u044c \u0435\u0434\u0438\u043d\u043e\u0436\u0434\u044b \u043d\u0435 \u043f\u043b\u0430\u0442\u0438\u0442\u044c \u0447\u043b\u0435\u043d\u0441\u043a\u0438\u0439 \u0432\u0437\u043d\u043e\u0441 \u0432 \u0442\u0435\u0447\u0435\u043d\u0438\u0435 \u043e\u0434\u043d\u043e\u0433\u043e \u0433\u043e\u0434\u0430, \u0434\u043e \u043c\u043e\u043c\u0435\u043d\u0442\u0430 \u043d\u0430\u0445\u043e\u0436\u0434\u0435\u043d\u0438\u044f \u0440\u0430\u0431\u043e\u0442\u044b. \u041a\u043e\u043b\u0438\u0447\u0435\u0441\u0442\u0432\u043e \u0442\u0430\u043a\u0438\u0445 \u0437\u0430\u044f\u0432\u0438\u0442\u0435\u043b\u0435\u0439 \u043e\u0433\u0440\u0430\u043d\u0438\u0447\u0435\u043d\u043e 30 % \u043e\u0442 \u043e\u0431\u0449\u0435\u0433\u043e \u0447\u0438\u0441\u043b\u0430 \u0447\u043b\u0435\u043d\u043e\u0432 \u0430\u0441\u0441\u043e\u0446\u0438\u0430\u0446\u0438\u0438.<\/span><\/p><p><span style=\"font-weight: 400;\">\u042d\u0442\u043e \u043f\u0440\u0435\u0434\u043b\u043e\u0436\u0435\u043d\u0438\u0435 \u0440\u0430\u0441\u043f\u0440\u043e\u0441\u0442\u0440\u0430\u043d\u044f\u0435\u0442\u0441\u044f \u0442\u043e\u043b\u044c\u043a\u043e \u043d\u0430 \u043d\u043e\u0432\u044b\u0445 \u0443\u0447\u0430\u0441\u0442\u043d\u0438\u043a\u043e\u0432 \u043d\u0435 \u043d\u0430 \u0441\u0443\u0449\u0435\u0441\u0442\u0432\u0443\u044e\u0449\u0438\u0445 \u0447\u043b\u0435\u043d\u043e\u0432 \u0438\u043b\u0438 \u0443\u0447\u0430\u0441\u0442\u043d\u0438\u043a\u043e\u0432 \u043f\u0440\u0435\u0434\u044b\u0434\u0443\u0449\u0438\u0445 \u043f\u0440\u043e\u0433\u0440\u0430\u043c\u043c. \u0426\u0435\u043b\u044c - \u043f\u043e\u0434\u0434\u0435\u0440\u0436\u0430\u0442\u044c \u043b\u044e\u0434\u0435\u0439, \u043a\u043e\u0442\u043e\u0440\u044b\u0435 \u043e\u0442\u043d\u043e\u0441\u044f\u0442\u0441\u044f \u043a \u043d\u0430\u0448\u0435\u0439 \u0446\u0435\u043b\u0435\u0432\u043e\u0439 \u0433\u0440\u0443\u043f\u043f\u0435 \u0432 \u0441\u043e\u043e\u0442\u0432\u0435\u0442\u0441\u0442\u0432\u0438\u0438 \u0441 \u0443\u0441\u0442\u0430\u0432\u043e\u043c, \u043d\u043e \u0443 \u043a\u043e\u0442\u043e\u0440\u044b\u0445 \u043f\u043e\u043a\u0430 \u043d\u0435\u0442 \u0440\u0430\u0431\u043e\u0442\u043e\u0434\u0430\u0442\u0435\u043b\u044f \u0438 \u043a\u043e\u0442\u043e\u0440\u044b\u043c \u0432 \u043f\u0440\u043e\u0442\u0438\u0432\u043d\u043e\u043c \u0441\u043b\u0443\u0447\u0430\u0435 \u043f\u0440\u0438\u0448\u043b\u043e\u0441\u044c \u0431\u044b \u043f\u043b\u0430\u0442\u0438\u0442\u044c \u0447\u043b\u0435\u043d\u0441\u043a\u0438\u0435 \u0432\u0437\u043d\u043e\u0441\u044b \u0438\u0437 \u0433\u043e\u0441\u0443\u0434\u0430\u0440\u0441\u0442\u0432\u0435\u043d\u043d\u044b\u0445 \u043f\u043e\u0441\u043e\u0431\u0438\u0439.<\/span><\/p><p><b>\u0427\u0442\u043e\u0431\u044b \u043f\u0440\u0438\u043d\u044f\u0442\u044c \u0443\u0447\u0430\u0441\u0442\u0438\u0435 \u0432 \u044d\u0442\u043e\u0439 \u043f\u0440\u043e\u0433\u0440\u0430\u043c\u043c\u0435:<\/b><\/p><ol><li style=\"font-weight: 400;\" aria-level=\"1\"><span style=\"font-weight: 400;\">\u0414\u043e\u0431\u0430\u0432\u0438\u0442\u044c\u0441\u044f \u0432 \u0433\u0440\u0443\u043f\u043f\u0443: <\/span><a href=\"https:\/\/www.linkedin.com\/groups\/8868358\/\"><span style=\"font-weight: 400;\">https:\/\/www.linkedin.com\/groups\/8868358\/<\/span><\/a><\/li><li style=\"font-weight: 400;\" aria-level=\"1\"><span style=\"font-weight: 400;\">\u0417\u0430\u043f\u043e\u043b\u043d\u0438\u0442\u044c \u0444\u043e\u0440\u043c\u0443: <\/span><a href=\"https:\/\/expat-experts.de\/ru\/bewerben\/\"><span style=\"font-weight: 400;\">https:\/\/expat-experts.de\/bewerben\/<\/span><\/a><span style=\"font-weight: 400;\"> (\u0432 \u043f\u043e\u0441\u043b\u0435\u0434\u043d\u0435\u043c \u043f\u043e\u043b\u0435 \u0434\u043e\u043f\u043e\u043b\u043d\u0438\u0442\u0435\u043b\u044c\u043d\u043e \u0443\u043a\u0430\u0436\u0438\u0442\u0435: <\/span><i><span style=\"font-weight: 400;\">\"\u044f \u043fo \u00a7 24\"<\/span><\/i><span style=\"font-weight: 400;\">)<\/span><\/li><li style=\"font-weight: 400;\" aria-level=\"1\"><span style=\"font-weight: 400;\">\u041e\u0442\u043f\u0440\u0430\u0432\u0438\u0442\u044c \u043f\u043e\u0434\u0442\u0432\u0435\u0440\u0436\u0434\u0435\u043d\u0438\u0435 \u00a7 24 \u043d\u0430 \u044d\u043b\u0435\u043a\u0442\u0440\u043e\u043d\u043d\u0443\u044e \u043f\u043e\u0447\u0442\u0443:  info@expat-experts.de<\/span><\/li><li style=\"font-weight: 400;\" aria-level=\"1\"><span style=\"font-weight: 400;\">\u041d\u0430\u043b\u0438\u0447\u0438\u0435 \u0432\u044b\u0441\u0448\u0435\u0433\u043e \u043e\u0431\u0440\u0430\u0437\u043e\u0432\u0430\u043d\u0438\u044f \u0432 \u0441\u0432\u043e\u0435\u0439 \u0441\u0442\u0440\u0430\u043d\u0435 \u0438\u043b\u0438 \u0432 \u0415\u0432\u0440\u043e\u043f\u0435 \u0438 \u043e\u043f\u044b\u0442 \u0440\u0430\u0431\u043e\u0442\u044b \u043e\u0442 3\u0445 \u043b\u0435\u0442<\/span><\/li><li style=\"font-weight: 400;\" aria-level=\"1\"><span style=\"font-weight: 400;\">\u041d\u0435\u043c\u0435\u0446\u043a\u0438\u0439 \u0438\/\u0438\u043b\u0438 \u0430\u043d\u0433\u043b\u0438\u0439\u0441\u043a\u0438\u0439 \u044f\u0437\u044b\u043a\u0438 \u043d\u0435 \u043d\u0438\u0436\u0435 \u0443\u0440\u043e\u0432\u043d\u044f B1<\/span><\/li><\/ol>\t\t\t\t\t\t\t\t<\/div>\n\t\t\t\t<\/div>\n\t\t\t\t\t<\/div>\n\t\t<\/div>\n\t\t\t\t\t<\/div>\n\t\t<\/section>\n\t\t\t\t<\/div>","protected":false},"excerpt":{"rendered":"<p>Wir unterst\u00fctzen Das Ziel des Vereins ist die gegenseitige Unterst\u00fctzung im beruflichen Kontext, berufliche Bildung und Chancengleichheit. F\u00fcr Bewerber, die aufgrund des Krieges in der Ukraine ihr Heimatland verlassen mussten (nicht nur aus der Ukraine selbst, sondern auch aus anderen L\u00e4ndern der ehemaligen Sowjetunion), besteht die M\u00f6glichkeit, einmalig f\u00fcr ein Jahr vom Mitgliedsbeitrag befreit zu [&hellip;]<\/p>\n","protected":false},"author":4,"featured_media":0,"parent":0,"menu_order":0,"comment_status":"closed","ping_status":"closed","template":"","meta":{"_eb_attr":"","footnotes":""},"class_list":["post-1325","page","type-page","status-publish","hentry"],"blocksy_meta":{"page_title_panel":"","has_hero_section":"disabled","dae2316942acd41caeff11781802b195":"","hero_section":"type-1","hero_elements":[{"id":"custom_title","enabled":true,"heading_tag":"h1","title":"\u0410\u0441\u0441\u043e\u0446\u0438\u0430\u0446\u0438\u044f"},{"id":"custom_description","enabled":true,"description_visibility":{"desktop":true,"tablet":true,"mobile":false}},{"id":"custom_meta","enabled":false,"meta_elements":[{"id":"author","enabled":true,"label":"By","has_author_avatar":"yes","avatar_size":25},{"id":"post_date","enabled":true,"label":"On","date_format_source":"default","date_format":"M j, Y"},{"id":"updated_date","enabled":false,"label":"On","date_format_source":"default","date_format":"M j, Y"},{"id":"categories","enabled":false,"label":"In","style":"simple"},{"id":"comments","enabled":true}],"page_meta_elements":{"joined":true,"articles_count":true,"comments":true}},{"id":"breadcrumbs","enabled":false}],"5b64279c131c39efcf4ba14b66d8f2d3":"","hero_alignment1":"CT_CSS_SKIP_RULE","hero_margin":40,"hero_alignment2":"center","hero_vertical_alignment":"center","c5b025fc85267f0c1da1e3b2b87f6645":"","hero_structure":"narrow","151dcee5415febac50e728c45fc9369b":"","page_title_bg_type":"featured_image","custom_hero_background":{"attachment_id":null},"parallax":{"desktop":false,"tablet":false,"mobile":false},"17016046ba674a6e4e2395641033d149":"","hero_height":"250px","pageTitleFont":{"family":"Default","variation":"Default","size":"30px","line-height":"CT_CSS_SKIP_RULE","letter-spacing":"CT_CSS_SKIP_RULE","text-transform":"CT_CSS_SKIP_RULE","text-decoration":"CT_CSS_SKIP_RULE"},"pageTitleFontColor":{"default":{"color":"CT_CSS_SKIP_RULEDEFAULT"}},"pageMetaFont":{"family":"Default","variation":"n6","size":"12px","line-height":"1.3","letter-spacing":"CT_CSS_SKIP_RULE","text-transform":"uppercase","text-decoration":"CT_CSS_SKIP_RULE"},"pageMetaFontColor":{"default":{"color":"CT_CSS_SKIP_RULEDEFAULT"},"hover":{"color":"CT_CSS_SKIP_RULEDEFAULT"}},"page_meta_button_type_font_colors":{"default":{"color":"CT_CSS_SKIP_RULEDEFAULT"},"hover":{"color":"CT_CSS_SKIP_RULEDEFAULT"}},"page_meta_button_type_background_colors":{"default":{"color":"CT_CSS_SKIP_RULEDEFAULT"},"hover":{"color":"CT_CSS_SKIP_RULEDEFAULT"}},"pageExcerptFont":{"family":"Default","variation":"Default","size":"CT_CSS_SKIP_RULE","line-height":"CT_CSS_SKIP_RULE","letter-spacing":"CT_CSS_SKIP_RULE","text-transform":"CT_CSS_SKIP_RULE","text-decoration":"CT_CSS_SKIP_RULE"},"pageExcerptColor":{"default":{"color":"CT_CSS_SKIP_RULEDEFAULT"}},"breadcrumbsFont":{"family":"Default","variation":"Default","size":"CT_CSS_SKIP_RULE","line-height":"CT_CSS_SKIP_RULE","letter-spacing":"CT_CSS_SKIP_RULE","text-transform":"CT_CSS_SKIP_RULE","text-decoration":"CT_CSS_SKIP_RULE"},"breadcrumbsFontColor":{"default":{"color":"CT_CSS_SKIP_RULEDEFAULT"},"initial":{"color":"CT_CSS_SKIP_RULEDEFAULT"},"hover":{"color":"CT_CSS_SKIP_RULEDEFAULT"}},"pageTitleOverlay":{"background_type":"color","background_pattern":"type-1","background_image":{"attachment_id":null,"x":0,"y":0},"gradient":"linear-gradient(135deg,rgba(6,147,227,1) 0%,rgb(155,81,224) 100%)","background_repeat":"repeat","background_size":"auto","background_attachment":"scroll","patternColor":{"default":{"color":"#e5e7ea"}},"overlayColor":{"default":{"color":"CT_CSS_SKIP_RULE"}},"backgroundColor":{"default":{"color":"CT_CSS_SKIP_RULE"}}},"pageTitleBackground":{"background_type":"color","background_pattern":"type-1","background_image":{"attachment_id":null,"x":0,"y":0},"gradient":"linear-gradient(135deg,rgba(6,147,227,1) 0%,rgb(155,81,224) 100%)","background_repeat":"repeat","background_size":"auto","background_attachment":"scroll","patternColor":{"default":{"color":"#e5e7ea"}},"overlayColor":{"default":{"color":"CT_CSS_SKIP_RULE"}},"backgroundColor":{"default":{"color":"var(--theme-palette-color-6)"}}},"pageTitlePadding":{"top":"50px","bottom":"50px","left":"auto","right":"auto","linked":true},"d1318d20a90ea1241f7b44cf07f3537f":"","page_structure_type":"default","9ef9e267a8684adc4909b431ff61ea45":"","content_style_source":"inherit","content_style":"wide","vertical_spacing_source":"inherit","content_area_spacing":"both","background":{"background_type":"color","background_pattern":"type-1","background_image":{"attachment_id":null,"x":0,"y":0},"gradient":"linear-gradient(135deg,rgba(6,147,227,1) 0%,rgb(155,81,224) 100%)","background_repeat":"repeat","background_size":"auto","background_attachment":"scroll","patternColor":{"default":{"color":"#e5e7ea"}},"overlayColor":{"default":{"color":"CT_CSS_SKIP_RULE"}},"backgroundColor":{"default":{"color":"CT_CSS_SKIP_RULE"}}},"content_background":{"background_type":"color","background_pattern":"type-1","background_image":{"attachment_id":null,"x":0,"y":0},"gradient":"linear-gradient(135deg,rgba(6,147,227,1) 0%,rgb(155,81,224) 100%)","background_repeat":"repeat","background_size":"auto","background_attachment":"scroll","patternColor":{"default":{"color":"#e5e7ea"}},"overlayColor":{"default":{"color":"CT_CSS_SKIP_RULE"}},"backgroundColor":{"default":{"color":"var(--theme-palette-color-8)"}}},"content_boxed_shadow":{"inherit":false,"blur":18,"spread":-6,"v_offset":12,"h_offset":0,"inset":false,"enable":true,"color":{"color":"rgba(34, 56, 101, 0.04)"}},"boxed_content_spacing":{"desktop":{"top":"40px","bottom":"40px","left":"40px","right":"40px","linked":true},"tablet":{"top":"35px","bottom":"35px","left":"35px","right":"35px","linked":true},"mobile":{"top":"20px","bottom":"20px","left":"20px","right":"20px","linked":true}},"content_boxed_radius":{"top":"3px","bottom":"3px","left":"3px","right":"3px","linked":true},"93913ed8fa1229c1793b9cc11f084ad4":"","disable_featured_image":"no","disable_share_box":"no","disable_header":"no","disable_footer":"no","styles_descriptor":{"styles":{"desktop":"","tablet":"","mobile":""},"google_fonts":[],"version":6}},"_links":{"self":[{"href":"https:\/\/expat-experts.de\/ru\/wp-json\/wp\/v2\/pages\/1325","targetHints":{"allow":["GET"]}}],"collection":[{"href":"https:\/\/expat-experts.de\/ru\/wp-json\/wp\/v2\/pages"}],"about":[{"href":"https:\/\/expat-experts.de\/ru\/wp-json\/wp\/v2\/types\/page"}],"author":[{"embeddable":true,"href":"https:\/\/expat-experts.de\/ru\/wp-json\/wp\/v2\/users\/4"}],"replies":[{"embeddable":true,"href":"https:\/\/expat-experts.de\/ru\/wp-json\/wp\/v2\/comments?post=1325"}],"version-history":[{"count":11,"href":"https:\/\/expat-experts.de\/ru\/wp-json\/wp\/v2\/pages\/1325\/revisions"}],"predecessor-version":[{"id":2564,"href":"https:\/\/expat-experts.de\/ru\/wp-json\/wp\/v2\/pages\/1325\/revisions\/2564"}],"wp:attachment":[{"href":"https:\/\/expat-experts.de\/ru\/wp-json\/wp\/v2\/media?parent=1325"}],"curies":[{"name":"wp","href":"https:\/\/api.w.org\/{rel}","templated":true}]}}